{"id":710,"date":"2021-08-09T12:24:40","date_gmt":"2021-08-09T10:24:40","guid":{"rendered":"https:\/\/medlive.lv\/new\/kliniku-saraksts\/"},"modified":"2021-08-30T11:42:05","modified_gmt":"2021-08-30T09:42:05","slug":"spisok-klinik","status":"publish","type":"page","link":"https:\/\/wandsta.lv\/ru\/spisok-klinik\/","title":{"rendered":"\u0421\u043f\u0438\u0441\u043e\u043a \u043a\u043b\u0438\u043d\u0438\u043a"},"content":{"rendered":"\t\t<div data-elementor-type=\"wp-page\" data-elementor-id=\"710\" class=\"elementor elementor-710 elementor-331\" data-elementor-post-type=\"page\">\n\t\t\t\t\t\t<section class=\"elementor-section elementor-top-section elementor-element elementor-element-51a3592 elementor-section-height-min-height elementor-section-boxed elementor-section-height-default elementor-section-items-middle elementor-invisible\" data-id=\"51a3592\" data-element_type=\"section\" data-e-type=\"section\" data-settings=\"{&quot;background_background&quot;:&quot;slideshow&quot;,&quot;background_slideshow_gallery&quot;:[{&quot;id&quot;:236,&quot;url&quot;:&quot;https:\\\/\\\/wandsta.lv\\\/wp-content\\\/uploads\\\/2021\\\/08\\\/HowToOrder_Main_01.jpg&quot;}],&quot;animation&quot;:&quot;fadeIn&quot;,&quot;background_slideshow_loop&quot;:&quot;yes&quot;,&quot;background_slideshow_slide_duration&quot;:5000,&quot;background_slideshow_slide_transition&quot;:&quot;fade&quot;,&quot;background_slideshow_transition_duration&quot;:500}\">\n\t\t\t\t\t\t<div class=\"elementor-container elementor-column-gap-default\">\n\t\t\t\t\t<div class=\"elementor-column elementor-col-100 elementor-top-column elementor-element elementor-element-b223c58\" data-id=\"b223c58\" data-element_type=\"column\" data-e-type=\"column\">\n\t\t\t<div class=\"elementor-widget-wrap elementor-element-populated\">\n\t\t\t\t\t\t<section class=\"elementor-section elementor-inner-section elementor-element elementor-element-acbfeea elementor-section-boxed elementor-section-height-default elementor-section-height-default\" data-id=\"acbfeea\" data-element_type=\"section\" data-e-type=\"section\">\n\t\t\t\t\t\t<div class=\"elementor-container elementor-column-gap-default\">\n\t\t\t\t\t<div class=\"elementor-column elementor-col-50 elementor-inner-column elementor-element elementor-element-94581bc\" data-id=\"94581bc\" data-element_type=\"column\" data-e-type=\"column\">\n\t\t\t<div class=\"elementor-widget-wrap elementor-element-populated\">\n\t\t\t\t\t\t<div class=\"elementor-element elementor-element-37d938e elementor-invisible elementor-widget elementor-widget-text-editor\" data-id=\"37d938e\" data-element_type=\"widget\" data-e-type=\"widget\" data-settings=\"{&quot;_animation&quot;:&quot;fadeInUp&quot;}\" data-widget_type=\"text-editor.default\">\n\t\t\t\t<div class=\"elementor-widget-container\">\n\t\t\t\t\t\t\t\t\t<h3 class=\"elementor-heading-title elementor-size-default elementor-inline-editing pen\" contenteditable=\"true\" data-elementor-setting-key=\"title\" data-pen-placeholder=\"Type Here...\">MILESTONE SCIENTIFIC<\/h3>\t\t\t\t\t\t\t\t<\/div>\n\t\t\t\t<\/div>\n\t\t\t\t<div class=\"elementor-element elementor-element-5aaedc2 elementor-invisible elementor-widget elementor-widget-heading\" data-id=\"5aaedc2\" data-element_type=\"widget\" data-e-type=\"widget\" data-settings=\"{&quot;_animation&quot;:&quot;fadeInUp&quot;}\" data-widget_type=\"heading.default\">\n\t\t\t\t<div class=\"elementor-widget-container\">\n\t\t\t\t\t<h1 class=\"elementor-heading-title elementor-size-default\">\u0411\u0415\u0417\u0411\u041e\u041b\u0415\u0417\u041d\u0415\u041d\u041d\u0410\u042f \u0410\u041d\u0415\u0421\u0422\u0415\u0417\u0418\u042f \u0421 WAND<sup>\u00ae<\/sup> STA<\/h1>\t\t\t\t<\/div>\n\t\t\t\t<\/div>\n\t\t\t\t<div class=\"elementor-element elementor-element-e404baf elementor-invisible elementor-widget elementor-widget-text-editor\" data-id=\"e404baf\" data-element_type=\"widget\" data-e-type=\"widget\" data-settings=\"{&quot;_animation&quot;:&quot;fadeInUp&quot;}\" data-widget_type=\"text-editor.default\">\n\t\t\t\t<div class=\"elementor-widget-container\">\n\t\t\t\t\t\t\t\t\t<h4>\u041f\u0440\u0438\u0448\u043b\u043e \u0432\u0440\u0435\u043c\u044f \u0434\u043b\u044f \u043d\u043e\u0432\u043e\u0433\u043e, \u0438\u043d\u043d\u043e\u0432\u0430\u0446\u0438\u043e\u043d\u043d\u043e\u0433\u043e \u0438 \u0431\u0435\u0437\u0431\u043e\u043b\u0435\u0437\u043d\u0435\u043d\u043d\u043e\u0433\u043e \u0441\u043f\u043e\u0441\u043e\u0431\u0430 \u0430\u043d\u0435\u0441\u0442\u0435\u0437\u0438\u0438!<\/h4>\t\t\t\t\t\t\t\t<\/div>\n\t\t\t\t<\/div>\n\t\t\t\t\t<\/div>\n\t\t<\/div>\n\t\t\t\t<div class=\"elementor-column elementor-col-50 elementor-inner-column elementor-element elementor-element-3988f89\" data-id=\"3988f89\" data-element_type=\"column\" data-e-type=\"column\">\n\t\t\t<div class=\"elementor-widget-wrap\">\n\t\t\t\t\t\t\t<\/div>\n\t\t<\/div>\n\t\t\t\t\t<\/div>\n\t\t<\/section>\n\t\t\t\t\t<\/div>\n\t\t<\/div>\n\t\t\t\t\t<\/div>\n\t\t<\/section>\n\t\t\t\t<section class=\"elementor-section elementor-top-section elementor-element elementor-element-622439e elementor-section-boxed elementor-section-height-default elementor-section-height-default\" data-id=\"622439e\" data-element_type=\"section\" data-e-type=\"section\" data-settings=\"{&quot;background_background&quot;:&quot;classic&quot;}\">\n\t\t\t\t\t\t<div class=\"elementor-container elementor-column-gap-default\">\n\t\t\t\t\t<div class=\"elementor-column elementor-col-100 elementor-top-column elementor-element elementor-element-41656ce\" data-id=\"41656ce\" data-element_type=\"column\" data-e-type=\"column\">\n\t\t\t<div class=\"elementor-widget-wrap elementor-element-populated\">\n\t\t\t\t\t\t<div class=\"elementor-element elementor-element-dfd939d elementor-invisible elementor-widget elementor-widget-heading\" data-id=\"dfd939d\" data-element_type=\"widget\" data-e-type=\"widget\" data-settings=\"{&quot;_animation&quot;:&quot;fadeInUp&quot;}\" data-widget_type=\"heading.default\">\n\t\t\t\t<div class=\"elementor-widget-container\">\n\t\t\t\t\t<h2 class=\"elementor-heading-title elementor-size-default\">\u0410\u043d\u0435\u0441\u0442\u0435\u0437\u0438\u044f Wand<sup>\u00ae<\/sup> STA \u0434\u043e\u0441\u0442\u0443\u043f\u043d\u0430 \u0443\u0436\u0435 \u0431\u043e\u043b\u0435\u0435 \u0447\u0435\u043c<br> \u0432 30 \u043a\u043b\u0438\u043d\u0438\u043a\u0430\u0445 \u041b\u0430\u0442\u0432\u0438\u0438!<\/h2>\t\t\t\t<\/div>\n\t\t\t\t<\/div>\n\t\t\t\t\t<\/div>\n\t\t<\/div>\n\t\t\t\t\t<\/div>\n\t\t<\/section>\n\t\t\t\t<section class=\"elementor-section elementor-top-section elementor-element elementor-element-b4fa857 elementor-section-height-min-height elementor-section-boxed elementor-section-height-default elementor-section-items-middle elementor-invisible\" data-id=\"b4fa857\" data-element_type=\"section\" data-e-type=\"section\" data-settings=\"{&quot;animation&quot;:&quot;fadeIn&quot;,&quot;animation_delay&quot;:300}\">\n\t\t\t\t\t\t<div class=\"elementor-container elementor-column-gap-no\">\n\t\t\t\t\t<div class=\"elementor-column elementor-col-100 elementor-top-column elementor-element elementor-element-672245d\" data-id=\"672245d\" data-element_type=\"column\" data-e-type=\"column\">\n\t\t\t<div class=\"elementor-widget-wrap elementor-element-populated\">\n\t\t\t\t\t\t<div class=\"elementor-element elementor-element-ee734e5 elementor-widget elementor-widget-html\" data-id=\"ee734e5\" data-element_type=\"widget\" data-e-type=\"widget\" data-widget_type=\"html.default\">\n\t\t\t\t<div class=\"elementor-widget-container\">\n\t\t\t\t\t<iframe src=\"https:\/\/www.google.com\/maps\/d\/embed?mid=1k-GJI7IdLTFEgZh5RkgVzzozryGw55q4\" width=\"100%\" height=\"650px\"><\/iframe>\t\t\t\t<\/div>\n\t\t\t\t<\/div>\n\t\t\t\t\t<\/div>\n\t\t<\/div>\n\t\t\t\t\t<\/div>\n\t\t<\/section>\n\t\t\t\t<\/div>\n\t\t","protected":false},"excerpt":{"rendered":"<p>MILESTONE SCIENTIFIC \u0411\u0415\u0417\u0411\u041e\u041b\u0415\u0417\u041d\u0415\u041d\u041d\u0410\u042f \u0410\u041d\u0415\u0421\u0422\u0415\u0417\u0418\u042f \u0421 WAND\u00ae STA \u041f\u0440\u0438\u0448\u043b\u043e \u0432\u0440\u0435\u043c\u044f \u0434\u043b\u044f \u043d\u043e\u0432\u043e\u0433\u043e, \u0438\u043d\u043d\u043e\u0432\u0430\u0446\u0438\u043e\u043d\u043d\u043e\u0433\u043e \u0438 \u0431\u0435\u0437\u0431\u043e\u043b\u0435\u0437\u043d\u0435\u043d\u043d\u043e\u0433\u043e \u0441\u043f\u043e\u0441\u043e\u0431\u0430 \u0430\u043d\u0435\u0441\u0442\u0435\u0437\u0438\u0438! \u0410\u043d\u0435\u0441\u0442\u0435\u0437\u0438\u044f Wand\u00ae STA \u0434\u043e\u0441\u0442\u0443\u043f\u043d\u0430 \u0443\u0436\u0435 \u0431\u043e\u043b\u0435\u0435 \u0447\u0435\u043c \u0432 30 \u043a\u043b\u0438\u043d\u0438\u043a\u0430\u0445 \u041b\u0430\u0442\u0432\u0438\u0438!<\/p>\n","protected":false},"author":1,"featured_media":0,"parent":0,"menu_order":0,"comment_status":"closed","ping_status":"closed","template":"elementor_header_footer","meta":{"footnotes":""},"class_list":["post-710","page","type-page","status-publish","hentry"],"yoast_head":"<!-- This site is optimized with the Yoast SEO plugin v27.0 - https:\/\/yoast.com\/product\/yoast-seo-wordpress\/ -->\n<title>\u0421\u043f\u0438\u0441\u043e\u043a \u043a\u043b\u0438\u043d\u0438\u043a - Wand STA<\/title>\n<meta name=\"robots\" content=\"index, follow, max-snippet:-1, max-image-preview:large, max-video-preview:-1\" \/>\n<link rel=\"canonical\" href=\"https:\/\/wandsta.lv\/ru\/spisok-klinik\/\" \/>\n<meta property=\"og:locale\" content=\"ru_RU\" \/>\n<meta property=\"og:type\" content=\"article\" \/>\n<meta property=\"og:title\" content=\"\u0421\u043f\u0438\u0441\u043e\u043a \u043a\u043b\u0438\u043d\u0438\u043a - Wand STA\" \/>\n<meta property=\"og:description\" content=\"MILESTONE SCIENTIFIC \u0411\u0415\u0417\u0411\u041e\u041b\u0415\u0417\u041d\u0415\u041d\u041d\u0410\u042f \u0410\u041d\u0415\u0421\u0422\u0415\u0417\u0418\u042f \u0421 WAND\u00ae STA \u041f\u0440\u0438\u0448\u043b\u043e \u0432\u0440\u0435\u043c\u044f \u0434\u043b\u044f \u043d\u043e\u0432\u043e\u0433\u043e, \u0438\u043d\u043d\u043e\u0432\u0430\u0446\u0438\u043e\u043d\u043d\u043e\u0433\u043e \u0438 \u0431\u0435\u0437\u0431\u043e\u043b\u0435\u0437\u043d\u0435\u043d\u043d\u043e\u0433\u043e \u0441\u043f\u043e\u0441\u043e\u0431\u0430 \u0430\u043d\u0435\u0441\u0442\u0435\u0437\u0438\u0438! \u0410\u043d\u0435\u0441\u0442\u0435\u0437\u0438\u044f Wand\u00ae STA \u0434\u043e\u0441\u0442\u0443\u043f\u043d\u0430 \u0443\u0436\u0435 \u0431\u043e\u043b\u0435\u0435 \u0447\u0435\u043c \u0432 30 \u043a\u043b\u0438\u043d\u0438\u043a\u0430\u0445 \u041b\u0430\u0442\u0432\u0438\u0438!\" \/>\n<meta property=\"og:url\" content=\"https:\/\/wandsta.lv\/ru\/spisok-klinik\/\" \/>\n<meta property=\"og:site_name\" content=\"Wand STA\" \/>\n<meta property=\"article:modified_time\" content=\"2021-08-30T09:42:05+00:00\" \/>\n<meta name=\"twitter:card\" content=\"summary_large_image\" \/>\n<meta name=\"twitter:label1\" content=\"\u041f\u0440\u0438\u043c\u0435\u0440\u043d\u043e\u0435 \u0432\u0440\u0435\u043c\u044f \u0434\u043b\u044f \u0447\u0442\u0435\u043d\u0438\u044f\" \/>\n\t<meta name=\"twitter:data1\" content=\"1 \u043c\u0438\u043d\u0443\u0442\u0430\" \/>\n<script type=\"application\/ld+json\" class=\"yoast-schema-graph\">{\"@context\":\"https:\/\/schema.org\",\"@graph\":[{\"@type\":\"WebPage\",\"@id\":\"https:\/\/wandsta.lv\/ru\/spisok-klinik\/\",\"url\":\"https:\/\/wandsta.lv\/ru\/spisok-klinik\/\",\"name\":\"\u0421\u043f\u0438\u0441\u043e\u043a \u043a\u043b\u0438\u043d\u0438\u043a - Wand STA\",\"isPartOf\":{\"@id\":\"https:\/\/wandsta.lv\/#website\"},\"datePublished\":\"2021-08-09T10:24:40+00:00\",\"dateModified\":\"2021-08-30T09:42:05+00:00\",\"breadcrumb\":{\"@id\":\"https:\/\/wandsta.lv\/ru\/spisok-klinik\/#breadcrumb\"},\"inLanguage\":\"ru-RU\",\"potentialAction\":[{\"@type\":\"ReadAction\",\"target\":[\"https:\/\/wandsta.lv\/ru\/spisok-klinik\/\"]}]},{\"@type\":\"BreadcrumbList\",\"@id\":\"https:\/\/wandsta.lv\/ru\/spisok-klinik\/#breadcrumb\",\"itemListElement\":[{\"@type\":\"ListItem\",\"position\":1,\"name\":\"Home\",\"item\":\"https:\/\/wandsta.lv\/ru\/\"},{\"@type\":\"ListItem\",\"position\":2,\"name\":\"\u0421\u043f\u0438\u0441\u043e\u043a \u043a\u043b\u0438\u043d\u0438\u043a\"}]},{\"@type\":\"WebSite\",\"@id\":\"https:\/\/wandsta.lv\/#website\",\"url\":\"https:\/\/wandsta.lv\/\",\"name\":\"Wand STA\",\"description\":\"Nes\u0101p\u012bga anest\u0113zija ar Wand STA\",\"publisher\":{\"@id\":\"https:\/\/wandsta.lv\/#organization\"},\"potentialAction\":[{\"@type\":\"SearchAction\",\"target\":{\"@type\":\"EntryPoint\",\"urlTemplate\":\"https:\/\/wandsta.lv\/?s={search_term_string}\"},\"query-input\":{\"@type\":\"PropertyValueSpecification\",\"valueRequired\":true,\"valueName\":\"search_term_string\"}}],\"inLanguage\":\"ru-RU\"},{\"@type\":\"Organization\",\"@id\":\"https:\/\/wandsta.lv\/#organization\",\"name\":\"Wand STA\",\"url\":\"https:\/\/wandsta.lv\/\",\"logo\":{\"@type\":\"ImageObject\",\"inLanguage\":\"ru-RU\",\"@id\":\"https:\/\/wandsta.lv\/#\/schema\/logo\/image\/\",\"url\":\"https:\/\/wandsta.lv\/wp-content\/uploads\/2025\/11\/AMedical_Logo.jpg\",\"contentUrl\":\"https:\/\/wandsta.lv\/wp-content\/uploads\/2025\/11\/AMedical_Logo.jpg\",\"width\":100,\"height\":100,\"caption\":\"Wand STA\"},\"image\":{\"@id\":\"https:\/\/wandsta.lv\/#\/schema\/logo\/image\/\"}}]}<\/script>\n<!-- \/ Yoast SEO plugin. -->","yoast_head_json":{"title":"\u0421\u043f\u0438\u0441\u043e\u043a \u043a\u043b\u0438\u043d\u0438\u043a - Wand STA","robots":{"index":"index","follow":"follow","max-snippet":"max-snippet:-1","max-image-preview":"max-image-preview:large","max-video-preview":"max-video-preview:-1"},"canonical":"https:\/\/wandsta.lv\/ru\/spisok-klinik\/","og_locale":"ru_RU","og_type":"article","og_title":"\u0421\u043f\u0438\u0441\u043e\u043a \u043a\u043b\u0438\u043d\u0438\u043a - Wand STA","og_description":"MILESTONE SCIENTIFIC \u0411\u0415\u0417\u0411\u041e\u041b\u0415\u0417\u041d\u0415\u041d\u041d\u0410\u042f \u0410\u041d\u0415\u0421\u0422\u0415\u0417\u0418\u042f \u0421 WAND\u00ae STA \u041f\u0440\u0438\u0448\u043b\u043e \u0432\u0440\u0435\u043c\u044f \u0434\u043b\u044f \u043d\u043e\u0432\u043e\u0433\u043e, \u0438\u043d\u043d\u043e\u0432\u0430\u0446\u0438\u043e\u043d\u043d\u043e\u0433\u043e \u0438 \u0431\u0435\u0437\u0431\u043e\u043b\u0435\u0437\u043d\u0435\u043d\u043d\u043e\u0433\u043e \u0441\u043f\u043e\u0441\u043e\u0431\u0430 \u0430\u043d\u0435\u0441\u0442\u0435\u0437\u0438\u0438! \u0410\u043d\u0435\u0441\u0442\u0435\u0437\u0438\u044f Wand\u00ae STA \u0434\u043e\u0441\u0442\u0443\u043f\u043d\u0430 \u0443\u0436\u0435 \u0431\u043e\u043b\u0435\u0435 \u0447\u0435\u043c \u0432 30 \u043a\u043b\u0438\u043d\u0438\u043a\u0430\u0445 \u041b\u0430\u0442\u0432\u0438\u0438!","og_url":"https:\/\/wandsta.lv\/ru\/spisok-klinik\/","og_site_name":"Wand STA","article_modified_time":"2021-08-30T09:42:05+00:00","twitter_card":"summary_large_image","twitter_misc":{"\u041f\u0440\u0438\u043c\u0435\u0440\u043d\u043e\u0435 \u0432\u0440\u0435\u043c\u044f \u0434\u043b\u044f \u0447\u0442\u0435\u043d\u0438\u044f":"1 \u043c\u0438\u043d\u0443\u0442\u0430"},"schema":{"@context":"https:\/\/schema.org","@graph":[{"@type":"WebPage","@id":"https:\/\/wandsta.lv\/ru\/spisok-klinik\/","url":"https:\/\/wandsta.lv\/ru\/spisok-klinik\/","name":"\u0421\u043f\u0438\u0441\u043e\u043a \u043a\u043b\u0438\u043d\u0438\u043a - Wand STA","isPartOf":{"@id":"https:\/\/wandsta.lv\/#website"},"datePublished":"2021-08-09T10:24:40+00:00","dateModified":"2021-08-30T09:42:05+00:00","breadcrumb":{"@id":"https:\/\/wandsta.lv\/ru\/spisok-klinik\/#breadcrumb"},"inLanguage":"ru-RU","potentialAction":[{"@type":"ReadAction","target":["https:\/\/wandsta.lv\/ru\/spisok-klinik\/"]}]},{"@type":"BreadcrumbList","@id":"https:\/\/wandsta.lv\/ru\/spisok-klinik\/#breadcrumb","itemListElement":[{"@type":"ListItem","position":1,"name":"Home","item":"https:\/\/wandsta.lv\/ru\/"},{"@type":"ListItem","position":2,"name":"\u0421\u043f\u0438\u0441\u043e\u043a \u043a\u043b\u0438\u043d\u0438\u043a"}]},{"@type":"WebSite","@id":"https:\/\/wandsta.lv\/#website","url":"https:\/\/wandsta.lv\/","name":"Wand STA","description":"Nes\u0101p\u012bga anest\u0113zija ar Wand STA","publisher":{"@id":"https:\/\/wandsta.lv\/#organization"},"potentialAction":[{"@type":"SearchAction","target":{"@type":"EntryPoint","urlTemplate":"https:\/\/wandsta.lv\/?s={search_term_string}"},"query-input":{"@type":"PropertyValueSpecification","valueRequired":true,"valueName":"search_term_string"}}],"inLanguage":"ru-RU"},{"@type":"Organization","@id":"https:\/\/wandsta.lv\/#organization","name":"Wand STA","url":"https:\/\/wandsta.lv\/","logo":{"@type":"ImageObject","inLanguage":"ru-RU","@id":"https:\/\/wandsta.lv\/#\/schema\/logo\/image\/","url":"https:\/\/wandsta.lv\/wp-content\/uploads\/2025\/11\/AMedical_Logo.jpg","contentUrl":"https:\/\/wandsta.lv\/wp-content\/uploads\/2025\/11\/AMedical_Logo.jpg","width":100,"height":100,"caption":"Wand STA"},"image":{"@id":"https:\/\/wandsta.lv\/#\/schema\/logo\/image\/"}}]}},"_links":{"self":[{"href":"https:\/\/wandsta.lv\/ru\/wp-json\/wp\/v2\/pages\/710","targetHints":{"allow":["GET"]}}],"collection":[{"href":"https:\/\/wandsta.lv\/ru\/wp-json\/wp\/v2\/pages"}],"about":[{"href":"https:\/\/wandsta.lv\/ru\/wp-json\/wp\/v2\/types\/page"}],"author":[{"embeddable":true,"href":"https:\/\/wandsta.lv\/ru\/wp-json\/wp\/v2\/users\/1"}],"replies":[{"embeddable":true,"href":"https:\/\/wandsta.lv\/ru\/wp-json\/wp\/v2\/comments?post=710"}],"version-history":[{"count":14,"href":"https:\/\/wandsta.lv\/ru\/wp-json\/wp\/v2\/pages\/710\/revisions"}],"predecessor-version":[{"id":1204,"href":"https:\/\/wandsta.lv\/ru\/wp-json\/wp\/v2\/pages\/710\/revisions\/1204"}],"wp:attachment":[{"href":"https:\/\/wandsta.lv\/ru\/wp-json\/wp\/v2\/media?parent=710"}],"curies":[{"name":"wp","href":"https:\/\/api.w.org\/{rel}","templated":true}]}}