{"id":836,"date":"2021-08-09T12:13:53","date_gmt":"2021-08-09T10:13:53","guid":{"rendered":"https:\/\/medlive.lv\/new\/kontakti\/"},"modified":"2025-11-05T09:31:42","modified_gmt":"2025-11-05T07:31:42","slug":"kontaktai","status":"publish","type":"page","link":"https:\/\/wandsta.lv\/lt\/kontaktai\/","title":{"rendered":"Kontaktai"},"content":{"rendered":"\t\t<div data-elementor-type=\"wp-page\" data-elementor-id=\"836\" class=\"elementor elementor-836 elementor-307\" data-elementor-post-type=\"page\">\n\t\t\t\t\t\t<section class=\"elementor-section elementor-top-section elementor-element elementor-element-51a3592 elementor-section-height-min-height elementor-section-boxed elementor-section-height-default elementor-section-items-middle elementor-invisible\" data-id=\"51a3592\" data-element_type=\"section\" data-e-type=\"section\" data-settings=\"{&quot;background_background&quot;:&quot;slideshow&quot;,&quot;background_slideshow_gallery&quot;:[{&quot;id&quot;:236,&quot;url&quot;:&quot;https:\\\/\\\/wandsta.lv\\\/wp-content\\\/uploads\\\/2021\\\/08\\\/HowToOrder_Main_01.jpg&quot;}],&quot;animation&quot;:&quot;fadeIn&quot;,&quot;background_slideshow_loop&quot;:&quot;yes&quot;,&quot;background_slideshow_slide_duration&quot;:5000,&quot;background_slideshow_slide_transition&quot;:&quot;fade&quot;,&quot;background_slideshow_transition_duration&quot;:500}\">\n\t\t\t\t\t\t<div class=\"elementor-container elementor-column-gap-default\">\n\t\t\t\t\t<div class=\"elementor-column elementor-col-100 elementor-top-column elementor-element elementor-element-b223c58\" data-id=\"b223c58\" data-element_type=\"column\" data-e-type=\"column\">\n\t\t\t<div class=\"elementor-widget-wrap elementor-element-populated\">\n\t\t\t\t\t\t<section class=\"elementor-section elementor-inner-section elementor-element elementor-element-acbfeea elementor-section-boxed elementor-section-height-default elementor-section-height-default\" data-id=\"acbfeea\" data-element_type=\"section\" data-e-type=\"section\">\n\t\t\t\t\t\t<div class=\"elementor-container elementor-column-gap-default\">\n\t\t\t\t\t<div class=\"elementor-column elementor-col-50 elementor-inner-column elementor-element elementor-element-94581bc\" data-id=\"94581bc\" data-element_type=\"column\" data-e-type=\"column\">\n\t\t\t<div class=\"elementor-widget-wrap elementor-element-populated\">\n\t\t\t\t\t\t<div class=\"elementor-element elementor-element-37d938e elementor-invisible elementor-widget elementor-widget-text-editor\" data-id=\"37d938e\" data-element_type=\"widget\" data-e-type=\"widget\" data-settings=\"{&quot;_animation&quot;:&quot;fadeInUp&quot;}\" data-widget_type=\"text-editor.default\">\n\t\t\t\t<div class=\"elementor-widget-container\">\n\t\t\t\t\t\t\t\t\t<h3 class=\"elementor-heading-title elementor-size-default elementor-inline-editing pen\" contenteditable=\"true\" data-elementor-setting-key=\"title\" data-pen-placeholder=\"Type Here...\">MILESTONE SCIENTIFIC<\/h3>\t\t\t\t\t\t\t\t<\/div>\n\t\t\t\t<\/div>\n\t\t\t\t<div class=\"elementor-element elementor-element-5aaedc2 elementor-invisible elementor-widget elementor-widget-heading\" data-id=\"5aaedc2\" data-element_type=\"widget\" data-e-type=\"widget\" data-settings=\"{&quot;_animation&quot;:&quot;fadeInUp&quot;}\" data-widget_type=\"heading.default\">\n\t\t\t\t<div class=\"elementor-widget-container\">\n\t\t\t\t\t<h1 class=\"elementor-heading-title elementor-size-default\">NESKAUSMINGAS NUJAUTRINIMAS WAND<sup>\u00ae<\/sup> STA APARATU<\/h1>\t\t\t\t<\/div>\n\t\t\t\t<\/div>\n\t\t\t\t<div class=\"elementor-element elementor-element-e404baf elementor-invisible elementor-widget elementor-widget-text-editor\" data-id=\"e404baf\" data-element_type=\"widget\" data-e-type=\"widget\" data-settings=\"{&quot;_animation&quot;:&quot;fadeInUp&quot;}\" data-widget_type=\"text-editor.default\">\n\t\t\t\t<div class=\"elementor-widget-container\">\n\t\t\t\t\t\t\t\t\t<h4>At\u0117jo metas moderniam, novatori\u0161kam ir neskausmingam nuskausminimui!<\/h4>\t\t\t\t\t\t\t\t<\/div>\n\t\t\t\t<\/div>\n\t\t\t\t\t<\/div>\n\t\t<\/div>\n\t\t\t\t<div class=\"elementor-column elementor-col-50 elementor-inner-column elementor-element elementor-element-3988f89\" data-id=\"3988f89\" data-element_type=\"column\" data-e-type=\"column\">\n\t\t\t<div class=\"elementor-widget-wrap\">\n\t\t\t\t\t\t\t<\/div>\n\t\t<\/div>\n\t\t\t\t\t<\/div>\n\t\t<\/section>\n\t\t\t\t\t<\/div>\n\t\t<\/div>\n\t\t\t\t\t<\/div>\n\t\t<\/section>\n\t\t\t\t<section class=\"elementor-section elementor-top-section elementor-element elementor-element-e858719 elementor-section-boxed elementor-section-height-default elementor-section-height-default\" data-id=\"e858719\" data-element_type=\"section\" data-e-type=\"section\">\n\t\t\t\t\t\t<div class=\"elementor-container elementor-column-gap-default\">\n\t\t\t\t\t<div class=\"elementor-column elementor-col-50 elementor-top-column elementor-element elementor-element-8166d88\" data-id=\"8166d88\" data-element_type=\"column\" data-e-type=\"column\">\n\t\t\t<div class=\"elementor-widget-wrap elementor-element-populated\">\n\t\t\t\t\t\t<div class=\"elementor-element elementor-element-88fe57f elementor-invisible elementor-widget elementor-widget-heading\" data-id=\"88fe57f\" data-element_type=\"widget\" data-e-type=\"widget\" data-settings=\"{&quot;_animation&quot;:&quot;fadeInUp&quot;}\" data-widget_type=\"heading.default\">\n\t\t\t\t<div class=\"elementor-widget-container\">\n\t\t\t\t\t<h2 class=\"elementor-heading-title elementor-size-default\">Kontaktai<\/h2>\t\t\t\t<\/div>\n\t\t\t\t<\/div>\n\t\t\t\t<div class=\"elementor-element elementor-element-2d1f4cd elementor-widget elementor-widget-text-editor\" data-id=\"2d1f4cd\" data-element_type=\"widget\" data-e-type=\"widget\" data-widget_type=\"text-editor.default\">\n\t\t\t\t<div class=\"elementor-widget-container\">\n\t\t\t\t\t\t\t\t\t<p>Telefon\u0105<br \/><span style=\"font-size: 24px;\">+371 291 785 05 <\/span>(latvi\u0173, rus\u0173)<br \/><span style=\"font-size: 24px;\">+371 200 405 58 <\/span>(latvi\u0173, rus\u0173)<br \/><span style=\"font-size: 24px;\">+371 294 258 06 <\/span>(latvi\u0173, rus\u0173, angl\u0173)<\/p><p>El. pa\u0161tas<br \/><span style=\"font-size: 24px;\"><a href=\"mailto:Vita.Sustere@amedical.eu\">Vita.Sustere@amedical.eu<\/a><br \/><a href=\"mailto:Eva.Nelsone@amedical.eu\">Eva.Nelsone@amedical.eu<\/a><\/span><\/p><p><strong>Bendrov\u0117s rekvizitai<\/strong><\/p><p>SIA \u201eA.Medical\u201c<br \/>PVM Nr. LV40103599415<br \/>Varka\u013cu iela 13A, R\u012bga, Latvija, LV-1067<\/p><p>A\/S \u201eSwedbank\u201d<br \/>IBAN: LV25HABA0551034365891<br \/>SWIFT: HABALV22<\/p><p>A\/S \u201eSEB banka\u201c<br \/>IBAN: LV61UNLA0055002170734<br \/>SWIFT: UNLALV2X<\/p><p>Oficialus platintojas Baltijos regione<\/p>\t\t\t\t\t\t\t\t<\/div>\n\t\t\t\t<\/div>\n\t\t\t\t\t<\/div>\n\t\t<\/div>\n\t\t\t\t<div class=\"elementor-column elementor-col-50 elementor-top-column elementor-element elementor-element-cb9b007\" data-id=\"cb9b007\" data-element_type=\"column\" data-e-type=\"column\">\n\t\t\t<div class=\"elementor-widget-wrap elementor-element-populated\">\n\t\t\t\t\t\t<div class=\"elementor-element elementor-element-4caf925 elementor-widget elementor-widget-image\" data-id=\"4caf925\" data-element_type=\"widget\" data-e-type=\"widget\" data-widget_type=\"image.default\">\n\t\t\t\t<div class=\"elementor-widget-container\">\n\t\t\t\t\t\t\t\t\t\t\t\t\t\t\t<img fetchpriority=\"high\" decoding=\"async\" width=\"600\" height=\"500\" src=\"https:\/\/wandsta.lv\/wp-content\/uploads\/2021\/08\/ContactUs_WandSTA.jpg\" class=\"attachment-large size-large wp-image-837\" alt=\"\" srcset=\"https:\/\/wandsta.lv\/wp-content\/uploads\/2021\/08\/ContactUs_WandSTA.jpg 600w, https:\/\/wandsta.lv\/wp-content\/uploads\/2021\/08\/ContactUs_WandSTA-300x250.jpg 300w\" sizes=\"(max-width: 600px) 100vw, 600px\" \/>\t\t\t\t\t\t\t\t\t\t\t\t\t\t\t<\/div>\n\t\t\t\t<\/div>\n\t\t\t\t\t<\/div>\n\t\t<\/div>\n\t\t\t\t\t<\/div>\n\t\t<\/section>\n\t\t\t\t<\/div>\n\t\t","protected":false},"excerpt":{"rendered":"<p>MILESTONE SCIENTIFIC NESKAUSMINGAS NUJAUTRINIMAS WAND\u00ae STA APARATU At\u0117jo metas moderniam, novatori\u0161kam ir neskausmingam nuskausminimui! Kontaktai Telefon\u0105+371 291 785 05 (latvi\u0173, rus\u0173)+371 200 405 58 (latvi\u0173, rus\u0173)+371 294 258 06 (latvi\u0173, rus\u0173, angl\u0173) El. pa\u0161tasVita.Sustere@amedical.euEva.Nelsone@amedical.eu Bendrov\u0117s rekvizitai SIA \u201eA.Medical\u201cPVM Nr. LV40103599415Varka\u013cu iela 13A, R\u012bga, Latvija, LV-1067 A\/S \u201eSwedbank\u201dIBAN: LV25HABA0551034365891SWIFT: HABALV22 A\/S \u201eSEB banka\u201cIBAN: LV61UNLA0055002170734SWIFT: UNLALV2X Oficialus [&hellip;]<\/p>\n","protected":false},"author":1,"featured_media":0,"parent":0,"menu_order":0,"comment_status":"closed","ping_status":"closed","template":"elementor_header_footer","meta":{"footnotes":""},"class_list":["post-836","page","type-page","status-publish","hentry"],"yoast_head":"<!-- This site is optimized with the Yoast SEO plugin v27.0 - https:\/\/yoast.com\/product\/yoast-seo-wordpress\/ -->\n<title>Kontaktai - Wand STA<\/title>\n<meta name=\"robots\" content=\"index, follow, max-snippet:-1, max-image-preview:large, max-video-preview:-1\" \/>\n<link rel=\"canonical\" href=\"https:\/\/wandsta.lv\/lt\/kontaktai\/\" \/>\n<meta property=\"og:locale\" content=\"lt_LT\" \/>\n<meta property=\"og:type\" content=\"article\" \/>\n<meta property=\"og:title\" content=\"Kontaktai - Wand STA\" \/>\n<meta property=\"og:description\" content=\"MILESTONE SCIENTIFIC NESKAUSMINGAS NUJAUTRINIMAS WAND\u00ae STA APARATU At\u0117jo metas moderniam, novatori\u0161kam ir neskausmingam nuskausminimui! Kontaktai Telefon\u0105+371 291 785 05 (latvi\u0173, rus\u0173)+371 200 405 58 (latvi\u0173, rus\u0173)+371 294 258 06 (latvi\u0173, rus\u0173, angl\u0173) El. pa\u0161tasVita.Sustere@amedical.euEva.Nelsone@amedical.eu Bendrov\u0117s rekvizitai SIA \u201eA.Medical\u201cPVM Nr. LV40103599415Varka\u013cu iela 13A, R\u012bga, Latvija, LV-1067 A\/S \u201eSwedbank\u201dIBAN: LV25HABA0551034365891SWIFT: HABALV22 A\/S \u201eSEB banka\u201cIBAN: LV61UNLA0055002170734SWIFT: UNLALV2X Oficialus [&hellip;]\" \/>\n<meta property=\"og:url\" content=\"https:\/\/wandsta.lv\/lt\/kontaktai\/\" \/>\n<meta property=\"og:site_name\" content=\"Wand STA\" \/>\n<meta property=\"article:modified_time\" content=\"2025-11-05T07:31:42+00:00\" \/>\n<meta property=\"og:image\" content=\"https:\/\/wandsta.lv\/wp-content\/uploads\/2021\/08\/ContactUs_WandSTA.jpg\" \/>\n\t<meta property=\"og:image:width\" content=\"600\" \/>\n\t<meta property=\"og:image:height\" content=\"500\" \/>\n\t<meta property=\"og:image:type\" content=\"image\/jpeg\" \/>\n<meta name=\"twitter:card\" content=\"summary_large_image\" \/>\n<meta name=\"twitter:label1\" content=\"Est. reading time\" \/>\n\t<meta name=\"twitter:data1\" content=\"1 minut\u0117\" \/>\n<script type=\"application\/ld+json\" class=\"yoast-schema-graph\">{\"@context\":\"https:\/\/schema.org\",\"@graph\":[{\"@type\":\"WebPage\",\"@id\":\"https:\/\/wandsta.lv\/lt\/kontaktai\/\",\"url\":\"https:\/\/wandsta.lv\/lt\/kontaktai\/\",\"name\":\"Kontaktai - Wand STA\",\"isPartOf\":{\"@id\":\"https:\/\/wandsta.lv\/#website\"},\"primaryImageOfPage\":{\"@id\":\"https:\/\/wandsta.lv\/lt\/kontaktai\/#primaryimage\"},\"image\":{\"@id\":\"https:\/\/wandsta.lv\/lt\/kontaktai\/#primaryimage\"},\"thumbnailUrl\":\"https:\/\/wandsta.lv\/wp-content\/uploads\/2021\/08\/ContactUs_WandSTA.jpg\",\"datePublished\":\"2021-08-09T10:13:53+00:00\",\"dateModified\":\"2025-11-05T07:31:42+00:00\",\"breadcrumb\":{\"@id\":\"https:\/\/wandsta.lv\/lt\/kontaktai\/#breadcrumb\"},\"inLanguage\":\"lt-LT\",\"potentialAction\":[{\"@type\":\"ReadAction\",\"target\":[\"https:\/\/wandsta.lv\/lt\/kontaktai\/\"]}]},{\"@type\":\"ImageObject\",\"inLanguage\":\"lt-LT\",\"@id\":\"https:\/\/wandsta.lv\/lt\/kontaktai\/#primaryimage\",\"url\":\"https:\/\/wandsta.lv\/wp-content\/uploads\/2021\/08\/ContactUs_WandSTA.jpg\",\"contentUrl\":\"https:\/\/wandsta.lv\/wp-content\/uploads\/2021\/08\/ContactUs_WandSTA.jpg\"},{\"@type\":\"BreadcrumbList\",\"@id\":\"https:\/\/wandsta.lv\/lt\/kontaktai\/#breadcrumb\",\"itemListElement\":[{\"@type\":\"ListItem\",\"position\":1,\"name\":\"Home\",\"item\":\"https:\/\/wandsta.lv\/lt\/\"},{\"@type\":\"ListItem\",\"position\":2,\"name\":\"Kontaktai\"}]},{\"@type\":\"WebSite\",\"@id\":\"https:\/\/wandsta.lv\/#website\",\"url\":\"https:\/\/wandsta.lv\/\",\"name\":\"Wand STA\",\"description\":\"Nes\u0101p\u012bga anest\u0113zija ar Wand STA\",\"publisher\":{\"@id\":\"https:\/\/wandsta.lv\/#organization\"},\"potentialAction\":[{\"@type\":\"SearchAction\",\"target\":{\"@type\":\"EntryPoint\",\"urlTemplate\":\"https:\/\/wandsta.lv\/?s={search_term_string}\"},\"query-input\":{\"@type\":\"PropertyValueSpecification\",\"valueRequired\":true,\"valueName\":\"search_term_string\"}}],\"inLanguage\":\"lt-LT\"},{\"@type\":\"Organization\",\"@id\":\"https:\/\/wandsta.lv\/#organization\",\"name\":\"Wand STA\",\"url\":\"https:\/\/wandsta.lv\/\",\"logo\":{\"@type\":\"ImageObject\",\"inLanguage\":\"lt-LT\",\"@id\":\"https:\/\/wandsta.lv\/#\/schema\/logo\/image\/\",\"url\":\"https:\/\/wandsta.lv\/wp-content\/uploads\/2025\/11\/AMedical_Logo.jpg\",\"contentUrl\":\"https:\/\/wandsta.lv\/wp-content\/uploads\/2025\/11\/AMedical_Logo.jpg\",\"width\":100,\"height\":100,\"caption\":\"Wand STA\"},\"image\":{\"@id\":\"https:\/\/wandsta.lv\/#\/schema\/logo\/image\/\"}}]}<\/script>\n<!-- \/ Yoast SEO plugin. -->","yoast_head_json":{"title":"Kontaktai - Wand STA","robots":{"index":"index","follow":"follow","max-snippet":"max-snippet:-1","max-image-preview":"max-image-preview:large","max-video-preview":"max-video-preview:-1"},"canonical":"https:\/\/wandsta.lv\/lt\/kontaktai\/","og_locale":"lt_LT","og_type":"article","og_title":"Kontaktai - Wand STA","og_description":"MILESTONE SCIENTIFIC NESKAUSMINGAS NUJAUTRINIMAS WAND\u00ae STA APARATU At\u0117jo metas moderniam, novatori\u0161kam ir neskausmingam nuskausminimui! Kontaktai Telefon\u0105+371 291 785 05 (latvi\u0173, rus\u0173)+371 200 405 58 (latvi\u0173, rus\u0173)+371 294 258 06 (latvi\u0173, rus\u0173, angl\u0173) El. pa\u0161tasVita.Sustere@amedical.euEva.Nelsone@amedical.eu Bendrov\u0117s rekvizitai SIA \u201eA.Medical\u201cPVM Nr. LV40103599415Varka\u013cu iela 13A, R\u012bga, Latvija, LV-1067 A\/S \u201eSwedbank\u201dIBAN: LV25HABA0551034365891SWIFT: HABALV22 A\/S \u201eSEB banka\u201cIBAN: LV61UNLA0055002170734SWIFT: UNLALV2X Oficialus [&hellip;]","og_url":"https:\/\/wandsta.lv\/lt\/kontaktai\/","og_site_name":"Wand STA","article_modified_time":"2025-11-05T07:31:42+00:00","og_image":[{"width":600,"height":500,"url":"https:\/\/wandsta.lv\/wp-content\/uploads\/2021\/08\/ContactUs_WandSTA.jpg","type":"image\/jpeg"}],"twitter_card":"summary_large_image","twitter_misc":{"Est. reading time":"1 minut\u0117"},"schema":{"@context":"https:\/\/schema.org","@graph":[{"@type":"WebPage","@id":"https:\/\/wandsta.lv\/lt\/kontaktai\/","url":"https:\/\/wandsta.lv\/lt\/kontaktai\/","name":"Kontaktai - Wand STA","isPartOf":{"@id":"https:\/\/wandsta.lv\/#website"},"primaryImageOfPage":{"@id":"https:\/\/wandsta.lv\/lt\/kontaktai\/#primaryimage"},"image":{"@id":"https:\/\/wandsta.lv\/lt\/kontaktai\/#primaryimage"},"thumbnailUrl":"https:\/\/wandsta.lv\/wp-content\/uploads\/2021\/08\/ContactUs_WandSTA.jpg","datePublished":"2021-08-09T10:13:53+00:00","dateModified":"2025-11-05T07:31:42+00:00","breadcrumb":{"@id":"https:\/\/wandsta.lv\/lt\/kontaktai\/#breadcrumb"},"inLanguage":"lt-LT","potentialAction":[{"@type":"ReadAction","target":["https:\/\/wandsta.lv\/lt\/kontaktai\/"]}]},{"@type":"ImageObject","inLanguage":"lt-LT","@id":"https:\/\/wandsta.lv\/lt\/kontaktai\/#primaryimage","url":"https:\/\/wandsta.lv\/wp-content\/uploads\/2021\/08\/ContactUs_WandSTA.jpg","contentUrl":"https:\/\/wandsta.lv\/wp-content\/uploads\/2021\/08\/ContactUs_WandSTA.jpg"},{"@type":"BreadcrumbList","@id":"https:\/\/wandsta.lv\/lt\/kontaktai\/#breadcrumb","itemListElement":[{"@type":"ListItem","position":1,"name":"Home","item":"https:\/\/wandsta.lv\/lt\/"},{"@type":"ListItem","position":2,"name":"Kontaktai"}]},{"@type":"WebSite","@id":"https:\/\/wandsta.lv\/#website","url":"https:\/\/wandsta.lv\/","name":"Wand STA","description":"Nes\u0101p\u012bga anest\u0113zija ar Wand STA","publisher":{"@id":"https:\/\/wandsta.lv\/#organization"},"potentialAction":[{"@type":"SearchAction","target":{"@type":"EntryPoint","urlTemplate":"https:\/\/wandsta.lv\/?s={search_term_string}"},"query-input":{"@type":"PropertyValueSpecification","valueRequired":true,"valueName":"search_term_string"}}],"inLanguage":"lt-LT"},{"@type":"Organization","@id":"https:\/\/wandsta.lv\/#organization","name":"Wand STA","url":"https:\/\/wandsta.lv\/","logo":{"@type":"ImageObject","inLanguage":"lt-LT","@id":"https:\/\/wandsta.lv\/#\/schema\/logo\/image\/","url":"https:\/\/wandsta.lv\/wp-content\/uploads\/2025\/11\/AMedical_Logo.jpg","contentUrl":"https:\/\/wandsta.lv\/wp-content\/uploads\/2025\/11\/AMedical_Logo.jpg","width":100,"height":100,"caption":"Wand STA"},"image":{"@id":"https:\/\/wandsta.lv\/#\/schema\/logo\/image\/"}}]}},"_links":{"self":[{"href":"https:\/\/wandsta.lv\/lt\/wp-json\/wp\/v2\/pages\/836","targetHints":{"allow":["GET"]}}],"collection":[{"href":"https:\/\/wandsta.lv\/lt\/wp-json\/wp\/v2\/pages"}],"about":[{"href":"https:\/\/wandsta.lv\/lt\/wp-json\/wp\/v2\/types\/page"}],"author":[{"embeddable":true,"href":"https:\/\/wandsta.lv\/lt\/wp-json\/wp\/v2\/users\/1"}],"replies":[{"embeddable":true,"href":"https:\/\/wandsta.lv\/lt\/wp-json\/wp\/v2\/comments?post=836"}],"version-history":[{"count":28,"href":"https:\/\/wandsta.lv\/lt\/wp-json\/wp\/v2\/pages\/836\/revisions"}],"predecessor-version":[{"id":2018,"href":"https:\/\/wandsta.lv\/lt\/wp-json\/wp\/v2\/pages\/836\/revisions\/2018"}],"wp:attachment":[{"href":"https:\/\/wandsta.lv\/lt\/wp-json\/wp\/v2\/media?parent=836"}],"curies":[{"name":"wp","href":"https:\/\/api.w.org\/{rel}","templated":true}]}}